{"id":2223,"date":"2018-10-18T22:00:34","date_gmt":"2018-10-18T19:00:34","guid":{"rendered":"https:\/\/uranet.fi\/?page_id=2223"},"modified":"2022-09-30T09:12:03","modified_gmt":"2022-09-30T06:12:03","slug":"en","status":"publish","type":"page","link":"https:\/\/uranet.fi\/fi\/funlingua\/en\/","title":{"rendered":"en"},"content":{"rendered":"<div data-elementor-type=\"wp-post\" data-elementor-id=\"2223\" class=\"elementor elementor-2223\" data-elementor-settings=\"[]\">\n\t\t\t\t\t\t<div class=\"elementor-inner\">\n\t\t\t\t\t\t\t<div class=\"elementor-section-wrap\">\n\t\t\t\t\t\t\t<section class=\"elementor-section elementor-top-section elementor-element elementor-element-59b9ebcf elementor-section-stretched elementor-section-content-middle elementor-section-full_width elementor-section-height-default elementor-section-height-default\" data-id=\"59b9ebcf\" data-element_type=\"section\" data-settings=\"{&quot;background_background&quot;:&quot;video&quot;,&quot;shape_divider_bottom&quot;:&quot;mountains&quot;,&quot;stretch_section&quot;:&quot;section-stretched&quot;,&quot;background_video_link&quot;:&quot;https:\\\/\\\/youtu.be\\\/WEkEruzz0sQ&quot;}\">\n\t\t\t\t\t\t\t\t<div class=\"elementor-background-video-container elementor-hidden-phone\">\n\t\t\t\t\t\t\t\t\t\t\t\t\t<div class=\"elementor-background-video-embed\"><\/div>\n\t\t\t\t\t\t\t\t\t\t\t\t<\/div>\n\t\t\t\t\t\t\t\t\t<div class=\"elementor-background-overlay\"><\/div>\n\t\t\t\t\t\t<div class=\"elementor-shape elementor-shape-bottom\" data-negative=\"false\">\n\t\t\t<svg xmlns=\"http:\/\/www.w3.org\/2000\/svg\" viewbox=\"0 0 1000 100\" preserveaspectratio=\"none\">\n\t<path class=\"elementor-shape-fill\" opacity=\"0.33\" d=\"M473,67.3c-203.9,88.3-263.1-34-320.3,0C66,119.1,0,59.7,0,59.7V0h1000v59.7 c0,0-62.1,26.1-94.9,29.3c-32.8,3.3-62.8-12.3-75.8-22.1C806,49.6,745.3,8.7,694.9,4.7S492.4,59,473,67.3z\"\/>\n\t<path class=\"elementor-shape-fill\" opacity=\"0.66\" d=\"M734,67.3c-45.5,0-77.2-23.2-129.1-39.1c-28.6-8.7-150.3-10.1-254,39.1 s-91.7-34.4-149.2,0C115.7,118.3,0,39.8,0,39.8V0h1000v36.5c0,0-28.2-18.5-92.1-18.5C810.2,18.1,775.7,67.3,734,67.3z\"\/>\n\t<path class=\"elementor-shape-fill\" d=\"M766.1,28.9c-200-57.5-266,65.5-395.1,19.5C242,1.8,242,5.4,184.8,20.6C128,35.8,132.3,44.9,89.9,52.5C28.6,63.7,0,0,0,0 h1000c0,0-9.9,40.9-83.6,48.1S829.6,47,766.1,28.9z\"\/>\n<\/svg>\t\t<\/div>\n\t\t\t\t\t<div class=\"elementor-container elementor-column-gap-extended\">\n\t\t\t\t\t\t\t<div class=\"elementor-row\">\n\t\t\t\t\t<div class=\"elementor-column elementor-col-100 elementor-top-column elementor-element elementor-element-dbae6d9\" data-id=\"dbae6d9\" data-element_type=\"column\">\n\t\t\t<div class=\"elementor-column-wrap elementor-element-populated\">\n\t\t\t\t\t\t\t<div class=\"elementor-widget-wrap\">\n\t\t\t\t\t\t<div class=\"elementor-element elementor-element-8acf79c elementor-widget elementor-widget-heading\" data-id=\"8acf79c\" data-element_type=\"widget\" data-widget_type=\"heading.default\">\n\t\t\t\t<div class=\"elementor-widget-container\">\n\t\t\t<h2 class=\"elementor-heading-title elementor-size-default\">Englannin kielt\u00e4 ja kielioppia ty\u00f6paikkavalmennuksiin nyt \u00e4lykk\u00e4in\u00e4 sis\u00e4lt\u00f6in\u00e4!<\/h2>\t\t<\/div>\n\t\t\t\t<\/div>\n\t\t\t\t<div class=\"elementor-element elementor-element-107d7d8 elementor-widget elementor-widget-heading\" data-id=\"107d7d8\" data-element_type=\"widget\" data-widget_type=\"heading.default\">\n\t\t\t\t<div class=\"elementor-widget-container\">\n\t\t\t<h2 class=\"elementor-heading-title elementor-size-default\"><a href=\"https:\/\/youtu.be\/97xReEpHgkg\">Jos olet uusi k\u00e4ytt\u00e4j\u00e4, luo tili valmentajan \u00e4lykoodilla.<\/a><\/h2>\t\t<\/div>\n\t\t\t\t<\/div>\n\t\t\t\t<div class=\"elementor-element elementor-element-10177fa elementor-widget elementor-widget-heading\" data-id=\"10177fa\" data-element_type=\"widget\" data-widget_type=\"heading.default\">\n\t\t\t\t<div class=\"elementor-widget-container\">\n\t\t\t<h2 class=\"elementor-heading-title elementor-size-default\"><a href=\"https:\/\/youtu.be\/97xReEpHgkg\">Jos sinulla on tunnus Uranetissa, kirjaudu ja k\u00e4yt\u00e4 \u00e4lykoodiasi sis\u00e4ll\u00f6n haltuunottoon.<\/a><\/h2>\t\t<\/div>\n\t\t\t\t<\/div>\n\t\t\t\t<div class=\"elementor-element elementor-element-2931bbef elementor-widget-divider--view-line elementor-widget elementor-widget-divider\" data-id=\"2931bbef\" data-element_type=\"widget\" data-widget_type=\"divider.default\">\n\t\t\t\t<div class=\"elementor-widget-container\">\n\t\t\t\t\t<div class=\"elementor-divider\">\n\t\t\t<span class=\"elementor-divider-separator\">\n\t\t\t\t\t\t<\/span>\n\t\t<\/div>\n\t\t\t\t<\/div>\n\t\t\t\t<\/div>\n\t\t\t\t<div class=\"elementor-element elementor-element-1898567b elementor-widget elementor-widget-spacer\" data-id=\"1898567b\" data-element_type=\"widget\" data-widget_type=\"spacer.default\">\n\t\t\t\t<div class=\"elementor-widget-container\">\n\t\t\t\t\t<div class=\"elementor-spacer\">\n\t\t\t<div class=\"elementor-spacer-inner\"><\/div>\n\t\t<\/div>\n\t\t\t\t<\/div>\n\t\t\t\t<\/div>\n\t\t\t\t<div class=\"elementor-element elementor-element-1cbd4d3 elementor-widget elementor-widget-spacer\" data-id=\"1cbd4d3\" data-element_type=\"widget\" data-widget_type=\"spacer.default\">\n\t\t\t\t<div class=\"elementor-widget-container\">\n\t\t\t\t\t<div class=\"elementor-spacer\">\n\t\t\t<div class=\"elementor-spacer-inner\"><\/div>\n\t\t<\/div>\n\t\t\t\t<\/div>\n\t\t\t\t<\/div>\n\t\t\t\t\t\t<\/div>\n\t\t\t\t\t<\/div>\n\t\t<\/div>\n\t\t\t\t\t\t\t\t<\/div>\n\t\t\t\t\t<\/div>\n\t\t<\/section>\n\t\t\t\t<section class=\"elementor-section elementor-top-section elementor-element elementor-element-21a151ce elementor-section-boxed elementor-section-height-default elementor-section-height-default\" data-id=\"21a151ce\" data-element_type=\"section\">\n\t\t\t\t\t\t<div class=\"elementor-container elementor-column-gap-default\">\n\t\t\t\t\t\t\t<div class=\"elementor-row\">\n\t\t\t\t\t<div class=\"elementor-column elementor-col-100 elementor-top-column elementor-element elementor-element-66df500f\" data-id=\"66df500f\" data-element_type=\"column\">\n\t\t\t<div class=\"elementor-column-wrap elementor-element-populated\">\n\t\t\t\t\t\t\t<div class=\"elementor-widget-wrap\">\n\t\t\t\t\t\t<div class=\"elementor-element elementor-element-8839ea9 elementor-tabs-view-horizontal elementor-widget elementor-widget-global elementor-global-16769 elementor-widget-tabs\" data-id=\"8839ea9\" data-element_type=\"widget\" data-widget_type=\"tabs.default\">\n\t\t\t\t<div class=\"elementor-widget-container\">\n\t\t\t\t\t<div class=\"elementor-tabs\">\n\t\t\t<div class=\"elementor-tabs-wrapper\" role=\"tablist\" >\n\t\t\t\t\t\t\t\t\t<div id=\"elementor-tab-title-1421\" class=\"elementor-tab-title elementor-tab-desktop-title\" aria-selected=\"true\" data-tab=\"1\" role=\"tab\" tabindex=\"0\" aria-controls=\"elementor-tab-content-1421\" aria-expanded=\"false\"><a href=\"\">Kirjaudu<\/a><\/div>\n\t\t\t\t\t\t\t\t\t<div id=\"elementor-tab-title-1422\" class=\"elementor-tab-title elementor-tab-desktop-title\" aria-selected=\"false\" data-tab=\"2\" role=\"tab\" tabindex=\"-1\" aria-controls=\"elementor-tab-content-1422\" aria-expanded=\"false\"><a href=\"\">Luo tunnus<\/a><\/div>\n\t\t\t\t\t\t\t<\/div>\n\t\t\t<div class=\"elementor-tabs-content-wrapper\" role=\"tablist\" aria-orientation=\"vertical\">\n\t\t\t\t\t\t\t\t\t<div class=\"elementor-tab-title elementor-tab-mobile-title\" aria-selected=\"true\" data-tab=\"1\" role=\"tab\" tabindex=\"0\" aria-controls=\"elementor-tab-content-1421\" aria-expanded=\"false\">Kirjaudu<\/div>\n\t\t\t\t\t<div id=\"elementor-tab-content-1421\" class=\"elementor-tab-content elementor-clearfix\" data-tab=\"1\" role=\"tabpanel\" aria-labelledby=\"elementor-tab-title-1421\" tabindex=\"0\" hidden=\"false\">            <script type='text\/javascript'>\n                jQuery(document).ready(function () {\n                    jQuery('#user_login').attr('placeholder', 'Username or Email Address')\n                    jQuery('#user_pass').attr('placeholder', 'Password')\n                })\n            <\/script>\n\t\t\t<p><span style=\"color: #808080;\">Sis\u00e4ll\u00f6t saa k\u00e4ytt\u00f6\u00f6n Uranet-tunnuksella. Jos sinulla ei ole tunnusta, voit luoda tunnuksen. Tarvitset \u00e4lykoodin tunnuksen luomiseen.<\/span><\/p><p><form name=\"loginform\" id=\"loginform\" action=\"https:\/\/uranet.fi\/wp-login.php\" method=\"post\"><p class=\"login-username\">\n\t\t\t\t<label for=\"user_login\"><\/label>\n\t\t\t\t<input type=\"text\" name=\"log\" id=\"user_login\" autocomplete=\"username\" class=\"input\" value=\"\" size=\"20\" \/>\n\t\t\t<\/p><p class=\"login-password\">\n\t\t\t\t<label for=\"user_pass\"><\/label>\n\t\t\t\t<input type=\"password\" name=\"pwd\" id=\"user_pass\" autocomplete=\"current-password\" spellcheck=\"false\" class=\"input\" value=\"\" size=\"20\" \/>\n\t\t\t<\/p><p class=\"login-remember\"><label><input name=\"rememberme\" type=\"checkbox\" id=\"rememberme\" value=\"forever\" checked=\"checked\" \/> Muista minut<\/label><\/p><p class=\"login-submit\">\n\t\t\t\t<input type=\"submit\" name=\"wp-submit\" id=\"wp-submit\" class=\"button button-primary\" value=\"Kirjaudu palveluun\" \/>\n\t\t\t\t<input type=\"hidden\" name=\"redirect_to\" value=\"https:\/\/uranet.fi\/fi?uo_redirect\" \/>\n\t\t\t<\/p><a class=\"forgot-link\" href=\"https:\/\/uranet.fi\/fi\/boot\/?action=lostpassword\">Forgot Password?<\/a><\/form><\/p><p><code><\/code><\/p><\/div>\n\t\t\t\t\t\t\t\t\t<div class=\"elementor-tab-title elementor-tab-mobile-title\" aria-selected=\"false\" data-tab=\"2\" role=\"tab\" tabindex=\"-1\" aria-controls=\"elementor-tab-content-1422\" aria-expanded=\"false\">Luo tunnus<\/div>\n\t\t\t\t\t<div id=\"elementor-tab-content-1422\" class=\"elementor-tab-content elementor-clearfix\" data-tab=\"2\" role=\"tabpanel\" aria-labelledby=\"elementor-tab-title-1422\" tabindex=\"0\" hidden=\"hidden\"><p><\/p><p>\r\n\t<form id=\"uncanny-learndash-codes-registration_form\" class=\"uncanny-learndash-codes-registration uncanny-learndash-codes\" action=\"\" method=\"POST\" data-trp-original-action=\"\">\r\n\t\t<fieldset>\r\n\t\t\t<table class=\"table table-form form-table clr\">\r\n\t\t\t\t<tr>\r\n\t\t\t\t\t<td class=\"label\"><label\r\n\t\t\t\t\t\t\t\tfor=\"uncanny-learndash-codes-user_first\">First Name<\/label>\r\n\t\t\t\t\t<\/td>\r\n\t\t\t\t\t<td class=\"input\"><input name=\"uncanny-learndash-codes-user_first\"\r\n\t\t\t\t\t                         id=\"uncanny-learndash-codes-user_first\"\r\n\t\t\t\t\t                         \t\t\t\t\t                         required=\"required\"\r\n\t\t\t\t\t                         value=\"\"\r\n\t\t\t\t\t                         type=\"text\"\/><\/td>\r\n\t\t\t\t<\/tr>\r\n\t\t\t\t<tr>\r\n\t\t\t\t\t<td class=\"label\"><label\r\n\t\t\t\t\t\t\t\tfor=\"uncanny-learndash-codes-user_last\">Last Name<\/label>\r\n\t\t\t\t\t<\/td>\r\n\t\t\t\t\t<td class=\"input\"><input name=\"uncanny-learndash-codes-user_last\"\r\n\t\t\t\t\t                         id=\"uncanny-learndash-codes-user_last\"\r\n\t\t\t\t\t                         required=\"required\"\r\n\t\t\t\t\t                         \t\t\t\t\t                         value=\"\"\r\n\t\t\t\t\t                         type=\"text\"\/><\/td>\r\n\t\t\t\t<\/tr>\r\n\t\t\t\t<tr>\r\n\t\t\t\t\t<td class=\"label\"><label\r\n\t\t\t\t\t\t\t\tfor=\"uncanny-learndash-codes-user_email\">Email \/ Username<\/label>\r\n\t\t\t\t\t<\/td>\r\n\t\t\t\t\t<td class=\"input\"><input name=\"uncanny-learndash-codes-user_email\"\r\n\t\t\t\t\t                         id=\"uncanny-learndash-codes-user_email\"\r\n\t\t\t\t\t                         required=\"required\"\r\n\t\t\t\t\t                         \t\t\t\t\t                         value=\"\"\r\n\t\t\t\t\t                         class=\"required\" type=\"email\"\/><\/td>\r\n\t\t\t\t<\/tr>\r\n\t\t\t\t<tr>\r\n\t\t\t\t\t<td class=\"label\"><label\r\n\t\t\t\t\t\t\t\tfor=\"password\">Salasana<\/label>\r\n\t\t\t\t\t<\/td>\r\n\t\t\t\t\t<td class=\"input\"><input name=\"uncanny-learndash-codes-user_pass\" id=\"password\"\r\n\t\t\t\t\t                         required=\"required\"\r\n\t\t\t\t\t                         minlength=\"6\"\r\n\t\t\t\t\t                         class=\"required\"\r\n\t\t\t\t\t                         \t\t\t\t\t                         type=\"password\"\/><\/td>\r\n\t\t\t\t<\/tr>\r\n\t\t\t\t<tr>\r\n\t\t\t\t\t<td class=\"label\"><label\r\n\t\t\t\t\t\t\t\tfor=\"password_again\">Confirm Password<\/label>\r\n\t\t\t\t\t<\/td>\r\n\t\t\t\t\t<td class=\"input\"><input name=\"uncanny-learndash-codes-user_pass_confirm\" id=\"password_again\"\r\n\t\t\t\t\t                         required=\"required\"\r\n\t\t\t\t\t                         minlength=\"6\"\r\n\t\t\t\t\t                         class=\"required\"\r\n\t\t\t\t\t                         \t\t\t\t\t                         type=\"password\"\/><\/td>\r\n\t\t\t\t<\/tr>\r\n\t\t\t\t<tr>\r\n\t\t\t\t\t<td class=\"label\"><label\r\n\t\t\t\t\t\t\t\tfor=\"code_registration\">Registration Code<\/label>\r\n\t\t\t\t\t<\/td>\r\n\t\t\t\t\t<td class=\"input\"><input name=\"uncanny-learndash-codes-code_registration\" id=\"code_registration\"\r\n\t\t\t\t\t                         required=\"required\"\r\n\t\t\t\t\t                         class=\"required\"\t\t\t\t\t                         value=\"\"\r\n\t\t\t\t\t                         \t\t\t\t\t                         type=\"text\"\/><\/td>\r\n\t\t\t\t<\/tr>\r\n\t\t\t\t<tr>\r\n\t\t\t\t\t<td class=\"label\">\r\n\t\t\t\t\t\t<input type=\"hidden\" name=\"_uo_nonce\"\r\n\t\t\t\t\t\t       value=\"0bd1e4d417\"\/>\r\n\t\t\t\t\t\t<input type=\"hidden\" name=\"redirect_to\"\r\n\t\t\t\t\t\t       value=\"\"\/>\r\n\t\t\t\t\t\t<input type=\"hidden\" name=\"key\"\r\n\t\t\t\t\t\t       value=\"un8tdq79HGblw\"\/><\/td>\r\n\t\t\t\t\t<td class=\"input\"><input type=\"submit\" class=\"btn btn-default\"\r\n\t\t\t\t\t                         value=\"Register Your Account\"\/>\r\n\t\t\t\t\t<\/td>\r\n\t\t\t\t<\/tr>\r\n\t\t\t<\/table>\r\n\t\t<\/fieldset>\r\n\t<input type=\"hidden\" name=\"trp-form-language\" value=\"fi\"\/><\/form>\r\n<\/p><p>Tunnuksen k\u00e4ytt\u00e4j\u00e4 hyv\u00e4ksyy palvelun k\u00e4ytt\u00f6oikeussopimuksen.<\/p><\/div>\n\t\t\t\t\t\t\t<\/div>\n\t\t<\/div>\n\t\t\t\t<\/div>\n\t\t\t\t<\/div>\n\t\t\t\t<div class=\"elementor-element elementor-element-3ab9ae1 elementor-widget elementor-widget-text-editor\" data-id=\"3ab9ae1\" data-element_type=\"widget\" data-widget_type=\"text-editor.default\">\n\t\t\t\t<div class=\"elementor-widget-container\">\n\t\t\t\t\t\t\t\t<div class=\"elementor-text-editor elementor-clearfix\">\n\t\t\t\t<p style=\"text-align: center;\">Kehit\u00e4 ja tunnista osaamista englanninkielen kurssilla valmennusk\u00e4yt\u00f6ss\u00e4.<\/p><p style=\"text-align: center;\">Meilt\u00e4 saa \u00e4lykoodit valmennuspalvelun k\u00e4ytt\u00f6\u00f6nottoon<\/p><p style=\"text-align: center;\"><strong>edu@digitaleducationservices.fi<\/strong><\/p><p style=\"text-align: center;\">32,50\u20ac + alv24% \/k\u00e4ytt\u00e4j\u00e4. Minimitilausm\u00e4\u00e4r\u00e4 30 k\u00e4ytt\u00e4j\u00e4\u00e4.<\/p><p style=\"text-align: center;\">Hinta sis\u00e4lt\u00e4\u00e4 elinik\u00e4isen ja maksuttoman k\u00e4ytt\u00f6oikeuden alustalle.<\/p>\t\t\t\t\t<\/div>\n\t\t\t\t\t\t<\/div>\n\t\t\t\t<\/div>\n\t\t\t\t\t\t<\/div>\n\t\t\t\t\t<\/div>\n\t\t<\/div>\n\t\t\t\t\t\t\t\t<\/div>\n\t\t\t\t\t<\/div>\n\t\t<\/section>\n\t\t\t\t<section class=\"elementor-section elementor-top-section elementor-element elementor-element-3418fbb3 elementor-section-boxed elementor-section-height-default elementor-section-height-default\" data-id=\"3418fbb3\" data-element_type=\"section\" data-settings=\"{&quot;background_background&quot;:&quot;video&quot;,&quot;shape_divider_top&quot;:&quot;clouds&quot;,&quot;background_video_link&quot;:&quot;https:\\\/\\\/youtu.be\\\/97xReEpHgkg&quot;}\">\n\t\t\t\t\t\t\t\t<div class=\"elementor-background-video-container elementor-hidden-phone\">\n\t\t\t\t\t\t\t\t\t\t\t\t\t<div class=\"elementor-background-video-embed\"><\/div>\n\t\t\t\t\t\t\t\t\t\t\t\t<\/div>\n\t\t\t\t\t\t\t\t\t<div class=\"elementor-background-overlay\"><\/div>\n\t\t\t\t\t\t<div class=\"elementor-shape elementor-shape-top\" data-negative=\"false\">\n\t\t\t<svg xmlns=\"http:\/\/www.w3.org\/2000\/svg\" viewbox=\"0 0 283.5 27.8\" preserveaspectratio=\"xMidYMax slice\">\n  <path class=\"elementor-shape-fill\" d=\"M0 0v6.7c1.9-.8 4.7-1.4 8.5-1 9.5 1.1 11.1 6 11.1 6s2.1-.7 4.3-.2c2.1.5 2.8 2.6 2.8 2.6s.2-.5 1.4-.7c1.2-.2 1.7.2 1.7.2s0-2.1 1.9-2.8c1.9-.7 3.6.7 3.6.7s.7-2.9 3.1-4.1 4.7 0 4.7 0 1.2-.5 2.4 0 1.7 1.4 1.7 1.4h1.4c.7 0 1.2.7 1.2.7s.8-1.8 4-2.2c3.5-.4 5.3 2.4 6.2 4.4.4-.4 1-.7 1.8-.9 2.8-.7 4 .7 4 .7s1.7-5 11.1-6c9.5-1.1 12.3 3.9 12.3 3.9s1.2-4.8 5.7-5.7c4.5-.9 6.8 1.8 6.8 1.8s.6-.6 1.5-.9c.9-.2 1.9-.2 1.9-.2s5.2-6.4 12.6-3.3c7.3 3.1 4.7 9 4.7 9s1.9-.9 4 0 2.8 2.4 2.8 2.4 1.9-1.2 4.5-1.2 4.3 1.2 4.3 1.2.2-1 1.4-1.7 2.1-.7 2.1-.7-.5-3.1 2.1-5.5 5.7-1.4 5.7-1.4 1.5-2.3 4.2-1.1c2.7 1.2 1.7 5.2 1.7 5.2s.3-.1 1.3.5c.5.4.8.8.9 1.1.5-1.4 2.4-5.8 8.4-4 7.1 2.1 3.5 8.9 3.5 8.9s.8-.4 2 0 1.1 1.1 1.1 1.1 1.1-1.1 2.3-1.1 2.1.5 2.1.5 1.9-3.6 6.2-1.2 1.9 6.4 1.9 6.4 2.6-2.4 7.4 0c3.4 1.7 3.9 4.9 3.9 4.9s3.3-6.9 10.4-7.9 11.5 2.6 11.5 2.6.8 0 1.2.2c.4.2.9.9.9.9s4.4-3.1 8.3.2c1.9 1.7 1.5 5 1.5 5s.3-1.1 1.6-1.4c1.3-.3 2.3.2 2.3.2s-.1-1.2.5-1.9 1.9-.9 1.9-.9-4.7-9.3 4.4-13.4c5.6-2.5 9.2.9 9.2.9s5-6.2 15.9-6.2 16.1 8.1 16.1 8.1.7-.2 1.6-.4V0H0z\"\/>\n<\/svg>\n\t\t<\/div>\n\t\t\t\t\t<div class=\"elementor-container elementor-column-gap-default\">\n\t\t\t\t\t\t\t<div class=\"elementor-row\">\n\t\t\t\t\t<div class=\"elementor-column elementor-col-100 elementor-top-column elementor-element elementor-element-58e33f8\" data-id=\"58e33f8\" data-element_type=\"column\">\n\t\t\t<div class=\"elementor-column-wrap\">\n\t\t\t\t\t\t\t<div class=\"elementor-widget-wrap\">\n\t\t\t\t\t\t\t\t<\/div>\n\t\t\t\t\t<\/div>\n\t\t<\/div>\n\t\t\t\t\t\t\t\t<\/div>\n\t\t\t\t\t<\/div>\n\t\t<\/section>\n\t\t\t\t\t\t<\/div>\n\t\t\t\t\t\t<\/div>\n\t\t\t\t\t<\/div>","protected":false},"excerpt":{"rendered":"<p>Englannin kielt\u00e4 ja kielioppia ty\u00f6paikkavalmennuksiin nyt \u00e4lykk\u00e4in\u00e4 sis\u00e4lt\u00f6in\u00e4! Jos olet uusi k\u00e4ytt\u00e4j\u00e4, luo tili valmentajan \u00e4lykoodilla. Jos sinulla on tunnus Uranetissa, kirjaudu ja k\u00e4yt\u00e4 \u00e4lykoodiasi sis\u00e4ll\u00f6n haltuunottoon. Login Register Login You need Uranet\u00ae user account to login. You are logged in. Log Out Loading Expand All | Collapse All Profile Edit profile Name: Antti Virtanen &#8230; <a title=\"en\" class=\"read-more\" href=\"https:\/\/uranet.fi\/fi\/funlingua\/en\/\" aria-label=\"Lis\u00e4\u00e4 en\">Read more<\/a><\/p>","protected":false},"author":1,"featured_media":0,"parent":2221,"menu_order":0,"comment_status":"closed","ping_status":"closed","template":"elementor_canvas","meta":{"_bbp_topic_count":0,"_bbp_reply_count":0,"_bbp_total_topic_count":0,"_bbp_total_reply_count":0,"_bbp_voice_count":0,"_bbp_anonymous_reply_count":0,"_bbp_topic_count_hidden":0,"_bbp_reply_count_hidden":0,"_bbp_forum_subforum_count":0,"generate_page_header":"","footnotes":""},"class_list":["post-2223","page","type-page","status-publish"],"_links":{"self":[{"href":"https:\/\/uranet.fi\/fi\/wp-json\/wp\/v2\/pages\/2223"}],"collection":[{"href":"https:\/\/uranet.fi\/fi\/wp-json\/wp\/v2\/pages"}],"about":[{"href":"https:\/\/uranet.fi\/fi\/wp-json\/wp\/v2\/types\/page"}],"author":[{"embeddable":true,"href":"https:\/\/uranet.fi\/fi\/wp-json\/wp\/v2\/users\/1"}],"replies":[{"embeddable":true,"href":"https:\/\/uranet.fi\/fi\/wp-json\/wp\/v2\/comments?post=2223"}],"version-history":[{"count":21,"href":"https:\/\/uranet.fi\/fi\/wp-json\/wp\/v2\/pages\/2223\/revisions"}],"predecessor-version":[{"id":19485,"href":"https:\/\/uranet.fi\/fi\/wp-json\/wp\/v2\/pages\/2223\/revisions\/19485"}],"up":[{"embeddable":true,"href":"https:\/\/uranet.fi\/fi\/wp-json\/wp\/v2\/pages\/2221"}],"wp:attachment":[{"href":"https:\/\/uranet.fi\/fi\/wp-json\/wp\/v2\/media?parent=2223"}],"curies":[{"name":"wp","href":"https:\/\/api.w.org\/{rel}","templated":true}]}}