{"id":3274,"date":"2019-01-24T22:30:39","date_gmt":"2019-01-24T20:30:39","guid":{"rendered":"https:\/\/uranet.fi\/?page_id=3274"},"modified":"2022-09-30T08:44:59","modified_gmt":"2022-09-30T05:44:59","slug":"hygieniapassi","status":"publish","type":"page","link":"https:\/\/uranet.fi\/fi\/hygieniapassi\/","title":{"rendered":"Hygieniapassi"},"content":{"rendered":"<div data-elementor-type=\"wp-post\" data-elementor-id=\"3274\" class=\"elementor elementor-3274\" data-elementor-settings=\"[]\">\n\t\t\t\t\t\t<div class=\"elementor-inner\">\n\t\t\t\t\t\t\t<div class=\"elementor-section-wrap\">\n\t\t\t\t\t\t\t<section class=\"elementor-section elementor-top-section elementor-element elementor-element-2220f978 elementor-section-stretched elementor-section-content-middle elementor-section-boxed elementor-section-height-default elementor-section-height-default\" data-id=\"2220f978\" data-element_type=\"section\" data-settings=\"{&quot;background_background&quot;:&quot;video&quot;,&quot;stretch_section&quot;:&quot;section-stretched&quot;,&quot;background_video_start&quot;:5,&quot;background_video_link&quot;:&quot;https:\\\/\\\/www.youtube.com\\\/watch?v=uLN81X1rulw&quot;,&quot;background_video_end&quot;:76,&quot;shape_divider_top&quot;:&quot;mountains&quot;}\">\n\t\t\t\t\t\t\t\t<div class=\"elementor-background-video-container elementor-hidden-phone\">\n\t\t\t\t\t\t\t\t\t\t\t\t\t<div class=\"elementor-background-video-embed\"><\/div>\n\t\t\t\t\t\t\t\t\t\t\t\t<\/div>\n\t\t\t\t\t\t\t\t\t<div class=\"elementor-background-overlay\"><\/div>\n\t\t\t\t\t\t<div class=\"elementor-shape elementor-shape-top\" data-negative=\"false\">\n\t\t\t<svg xmlns=\"http:\/\/www.w3.org\/2000\/svg\" viewbox=\"0 0 1000 100\" preserveaspectratio=\"none\">\n\t<path class=\"elementor-shape-fill\" opacity=\"0.33\" d=\"M473,67.3c-203.9,88.3-263.1-34-320.3,0C66,119.1,0,59.7,0,59.7V0h1000v59.7 c0,0-62.1,26.1-94.9,29.3c-32.8,3.3-62.8-12.3-75.8-22.1C806,49.6,745.3,8.7,694.9,4.7S492.4,59,473,67.3z\"\/>\n\t<path class=\"elementor-shape-fill\" opacity=\"0.66\" d=\"M734,67.3c-45.5,0-77.2-23.2-129.1-39.1c-28.6-8.7-150.3-10.1-254,39.1 s-91.7-34.4-149.2,0C115.7,118.3,0,39.8,0,39.8V0h1000v36.5c0,0-28.2-18.5-92.1-18.5C810.2,18.1,775.7,67.3,734,67.3z\"\/>\n\t<path class=\"elementor-shape-fill\" d=\"M766.1,28.9c-200-57.5-266,65.5-395.1,19.5C242,1.8,242,5.4,184.8,20.6C128,35.8,132.3,44.9,89.9,52.5C28.6,63.7,0,0,0,0 h1000c0,0-9.9,40.9-83.6,48.1S829.6,47,766.1,28.9z\"\/>\n<\/svg>\t\t<\/div>\n\t\t\t\t\t<div class=\"elementor-container elementor-column-gap-extended\">\n\t\t\t\t\t\t\t<div class=\"elementor-row\">\n\t\t\t\t\t<div class=\"elementor-column elementor-col-100 elementor-top-column elementor-element elementor-element-345a2b6f\" data-id=\"345a2b6f\" data-element_type=\"column\">\n\t\t\t<div class=\"elementor-column-wrap elementor-element-populated\">\n\t\t\t\t\t\t\t<div class=\"elementor-widget-wrap\">\n\t\t\t\t\t\t<div class=\"elementor-element elementor-element-48067f9 elementor-invisible elementor-widget elementor-widget-heading\" data-id=\"48067f9\" data-element_type=\"widget\" data-settings=\"{&quot;_animation&quot;:&quot;fadeInRight&quot;,&quot;_animation_delay&quot;:500}\" data-widget_type=\"heading.default\">\n\t\t\t\t<div class=\"elementor-widget-container\">\n\t\t\t<h2 class=\"elementor-heading-title elementor-size-default\">\u00c4lykk\u00e4\u00e4t sis\u00e4ll\u00f6t osaamisen kehitt\u00e4miseen.<\/h2>\t\t<\/div>\n\t\t\t\t<\/div>\n\t\t\t\t<div class=\"elementor-element elementor-element-7f69fa2 elementor-headline--style-highlight elementor-widget elementor-widget-animated-headline\" data-id=\"7f69fa2\" data-element_type=\"widget\" data-settings=\"{&quot;highlighted_text&quot;:&quot;Hygieniapassi&quot;,&quot;headline_style&quot;:&quot;highlight&quot;,&quot;marker&quot;:&quot;circle&quot;,&quot;loop&quot;:&quot;yes&quot;,&quot;highlight_animation_duration&quot;:1200,&quot;highlight_iteration_delay&quot;:8000}\" data-widget_type=\"animated-headline.default\">\n\t\t\t\t<div class=\"elementor-widget-container\">\n\t\t\t\t\t<h3 class=\"elementor-headline\">\n\t\t\t\t<span class=\"elementor-headline-dynamic-wrapper elementor-headline-text-wrapper\">\n\t\t\t\t\t<span class=\"elementor-headline-dynamic-text elementor-headline-text-active\">Hygieniapassi<\/span>\n\t\t\t\t<\/span>\n\t\t\t\t\t<span class=\"elementor-headline-plain-text elementor-headline-text-wrapper\">Selkosuomeksi<\/span>\n\t\t\t\t\t<\/h3>\n\t\t\t\t<\/div>\n\t\t\t\t<\/div>\n\t\t\t\t<div class=\"elementor-element elementor-element-26b4870e elementor-widget-divider--view-line elementor-widget elementor-widget-divider\" data-id=\"26b4870e\" data-element_type=\"widget\" data-widget_type=\"divider.default\">\n\t\t\t\t<div class=\"elementor-widget-container\">\n\t\t\t\t\t<div class=\"elementor-divider\">\n\t\t\t<span class=\"elementor-divider-separator\">\n\t\t\t\t\t\t<\/span>\n\t\t<\/div>\n\t\t\t\t<\/div>\n\t\t\t\t<\/div>\n\t\t\t\t<div class=\"elementor-element elementor-element-bef49d1 elementor-tabs-view-horizontal elementor-widget elementor-widget-tabs\" data-id=\"bef49d1\" data-element_type=\"widget\" data-widget_type=\"tabs.default\">\n\t\t\t\t<div class=\"elementor-widget-container\">\n\t\t\t\t\t<div class=\"elementor-tabs\">\n\t\t\t<div class=\"elementor-tabs-wrapper\" role=\"tablist\" >\n\t\t\t\t\t\t\t\t\t<div id=\"elementor-tab-title-2001\" class=\"elementor-tab-title elementor-tab-desktop-title\" aria-selected=\"true\" data-tab=\"1\" role=\"tab\" tabindex=\"0\" aria-controls=\"elementor-tab-content-2001\" aria-expanded=\"false\"><a href=\"\">Kirjaudu<\/a><\/div>\n\t\t\t\t\t\t\t\t\t<div id=\"elementor-tab-title-2002\" class=\"elementor-tab-title elementor-tab-desktop-title\" aria-selected=\"false\" data-tab=\"2\" role=\"tab\" tabindex=\"-1\" aria-controls=\"elementor-tab-content-2002\" aria-expanded=\"false\"><a href=\"\">Rekister\u00f6idy<\/a><\/div>\n\t\t\t\t\t\t\t<\/div>\n\t\t\t<div class=\"elementor-tabs-content-wrapper\" role=\"tablist\" aria-orientation=\"vertical\">\n\t\t\t\t\t\t\t\t\t<div class=\"elementor-tab-title elementor-tab-mobile-title\" aria-selected=\"true\" data-tab=\"1\" role=\"tab\" tabindex=\"0\" aria-controls=\"elementor-tab-content-2001\" aria-expanded=\"false\">Kirjaudu<\/div>\n\t\t\t\t\t<div id=\"elementor-tab-content-2001\" class=\"elementor-tab-content elementor-clearfix\" data-tab=\"1\" role=\"tabpanel\" aria-labelledby=\"elementor-tab-title-2001\" tabindex=\"0\" hidden=\"false\">            <script type='text\/javascript'>\n                jQuery(document).ready(function () {\n                    jQuery('#user_login').attr('placeholder', 'Username or Email Address')\n                    jQuery('#user_pass').attr('placeholder', 'Password')\n                })\n            <\/script>\n\t\t\t<p><form name=\"loginform\" id=\"loginform\" action=\"https:\/\/uranet.fi\/wp-login.php\" method=\"post\"><p class=\"login-username\">\n\t\t\t\t<label for=\"user_login\"><\/label>\n\t\t\t\t<input type=\"text\" name=\"log\" id=\"user_login\" autocomplete=\"username\" class=\"input\" value=\"\" size=\"20\" \/>\n\t\t\t<\/p><p class=\"login-password\">\n\t\t\t\t<label for=\"user_pass\"><\/label>\n\t\t\t\t<input type=\"password\" name=\"pwd\" id=\"user_pass\" autocomplete=\"current-password\" spellcheck=\"false\" class=\"input\" value=\"\" size=\"20\" \/>\n\t\t\t<\/p><p class=\"login-remember\"><label><input name=\"rememberme\" type=\"checkbox\" id=\"rememberme\" value=\"forever\" checked=\"checked\" \/> Muista minut<\/label><\/p><p class=\"login-submit\">\n\t\t\t\t<input type=\"submit\" name=\"wp-submit\" id=\"wp-submit\" class=\"button button-primary\" value=\"Kirjaudu palveluun\" \/>\n\t\t\t\t<input type=\"hidden\" name=\"redirect_to\" value=\"https:\/\/uranet.fi\/fi?uo_redirect\" \/>\n\t\t\t<\/p><a class=\"forgot-link\" href=\"https:\/\/uranet.fi\/fi\/boot\/?action=lostpassword\">Forgot Password?<\/a><\/form><\/p><p><\/p><\/div>\n\t\t\t\t\t\t\t\t\t<div class=\"elementor-tab-title elementor-tab-mobile-title\" aria-selected=\"false\" data-tab=\"2\" role=\"tab\" tabindex=\"-1\" aria-controls=\"elementor-tab-content-2002\" aria-expanded=\"false\">Rekister\u00f6idy<\/div>\n\t\t\t\t\t<div id=\"elementor-tab-content-2002\" class=\"elementor-tab-content elementor-clearfix\" data-tab=\"2\" role=\"tabpanel\" aria-labelledby=\"elementor-tab-title-2002\" tabindex=\"0\" hidden=\"hidden\"><p>\r\n\t<form id=\"uncanny-learndash-codes-registration_form\" class=\"uncanny-learndash-codes-registration uncanny-learndash-codes\" action=\"\" method=\"POST\" data-trp-original-action=\"\">\r\n\t\t<fieldset>\r\n\t\t\t<table class=\"table table-form form-table clr\">\r\n\t\t\t\t<tr>\r\n\t\t\t\t\t<td class=\"label\"><label\r\n\t\t\t\t\t\t\t\tfor=\"uncanny-learndash-codes-user_first\">First Name<\/label>\r\n\t\t\t\t\t<\/td>\r\n\t\t\t\t\t<td class=\"input\"><input name=\"uncanny-learndash-codes-user_first\"\r\n\t\t\t\t\t                         id=\"uncanny-learndash-codes-user_first\"\r\n\t\t\t\t\t                         \t\t\t\t\t                         required=\"required\"\r\n\t\t\t\t\t                         value=\"\"\r\n\t\t\t\t\t                         type=\"text\"\/><\/td>\r\n\t\t\t\t<\/tr>\r\n\t\t\t\t<tr>\r\n\t\t\t\t\t<td class=\"label\"><label\r\n\t\t\t\t\t\t\t\tfor=\"uncanny-learndash-codes-user_last\">Last Name<\/label>\r\n\t\t\t\t\t<\/td>\r\n\t\t\t\t\t<td class=\"input\"><input name=\"uncanny-learndash-codes-user_last\"\r\n\t\t\t\t\t                         id=\"uncanny-learndash-codes-user_last\"\r\n\t\t\t\t\t                         required=\"required\"\r\n\t\t\t\t\t                         \t\t\t\t\t                         value=\"\"\r\n\t\t\t\t\t                         type=\"text\"\/><\/td>\r\n\t\t\t\t<\/tr>\r\n\t\t\t\t<tr>\r\n\t\t\t\t\t<td class=\"label\"><label\r\n\t\t\t\t\t\t\t\tfor=\"uncanny-learndash-codes-user_email\">Email \/ Username<\/label>\r\n\t\t\t\t\t<\/td>\r\n\t\t\t\t\t<td class=\"input\"><input name=\"uncanny-learndash-codes-user_email\"\r\n\t\t\t\t\t                         id=\"uncanny-learndash-codes-user_email\"\r\n\t\t\t\t\t                         required=\"required\"\r\n\t\t\t\t\t                         \t\t\t\t\t                         value=\"\"\r\n\t\t\t\t\t                         class=\"required\" type=\"email\"\/><\/td>\r\n\t\t\t\t<\/tr>\r\n\t\t\t\t<tr>\r\n\t\t\t\t\t<td class=\"label\"><label\r\n\t\t\t\t\t\t\t\tfor=\"password\">Salasana<\/label>\r\n\t\t\t\t\t<\/td>\r\n\t\t\t\t\t<td class=\"input\"><input name=\"uncanny-learndash-codes-user_pass\" id=\"password\"\r\n\t\t\t\t\t                         required=\"required\"\r\n\t\t\t\t\t                         minlength=\"6\"\r\n\t\t\t\t\t                         class=\"required\"\r\n\t\t\t\t\t                         \t\t\t\t\t                         type=\"password\"\/><\/td>\r\n\t\t\t\t<\/tr>\r\n\t\t\t\t<tr>\r\n\t\t\t\t\t<td class=\"label\"><label\r\n\t\t\t\t\t\t\t\tfor=\"password_again\">Confirm Password<\/label>\r\n\t\t\t\t\t<\/td>\r\n\t\t\t\t\t<td class=\"input\"><input name=\"uncanny-learndash-codes-user_pass_confirm\" id=\"password_again\"\r\n\t\t\t\t\t                         required=\"required\"\r\n\t\t\t\t\t                         minlength=\"6\"\r\n\t\t\t\t\t                         class=\"required\"\r\n\t\t\t\t\t                         \t\t\t\t\t                         type=\"password\"\/><\/td>\r\n\t\t\t\t<\/tr>\r\n\t\t\t\t<tr>\r\n\t\t\t\t\t<td class=\"label\"><label\r\n\t\t\t\t\t\t\t\tfor=\"code_registration\">Registration Code<\/label>\r\n\t\t\t\t\t<\/td>\r\n\t\t\t\t\t<td class=\"input\"><input name=\"uncanny-learndash-codes-code_registration\" id=\"code_registration\"\r\n\t\t\t\t\t                         required=\"required\"\r\n\t\t\t\t\t                         class=\"required\"\t\t\t\t\t                         value=\"\"\r\n\t\t\t\t\t                         \t\t\t\t\t                         type=\"text\"\/><\/td>\r\n\t\t\t\t<\/tr>\r\n\t\t\t\t<tr>\r\n\t\t\t\t\t<td class=\"label\">\r\n\t\t\t\t\t\t<input type=\"hidden\" name=\"_uo_nonce\"\r\n\t\t\t\t\t\t       value=\"52a3736899\"\/>\r\n\t\t\t\t\t\t<input type=\"hidden\" name=\"redirect_to\"\r\n\t\t\t\t\t\t       value=\"\"\/>\r\n\t\t\t\t\t\t<input type=\"hidden\" name=\"key\"\r\n\t\t\t\t\t\t       value=\"unDwsI1793niM\"\/><\/td>\r\n\t\t\t\t\t<td class=\"input\"><input type=\"submit\" class=\"btn btn-default\"\r\n\t\t\t\t\t                         value=\"Register Your Account\"\/>\r\n\t\t\t\t\t<\/td>\r\n\t\t\t\t<\/tr>\r\n\t\t\t<\/table>\r\n\t\t<\/fieldset>\r\n\t<input type=\"hidden\" name=\"trp-form-language\" value=\"fi\"\/><\/form>\r\n<\/p><p>Palveluiden k\u00e4ytt\u00e4j\u00e4 hyv\u00e4ksyy k\u00e4ytt\u00f6oikeussopimuksen <span style=\"color: #ffff00;\"><a style=\"color: #ffff00;\" href=\"https:\/\/uranet.fi\/fi\/services\/lisenssi\/\">Made in Internet\u00ae<\/a><\/span><\/p><\/div>\n\t\t\t\t\t\t\t<\/div>\n\t\t<\/div>\n\t\t\t\t<\/div>\n\t\t\t\t<\/div>\n\t\t\t\t\t\t<\/div>\n\t\t\t\t\t<\/div>\n\t\t<\/div>\n\t\t\t\t\t\t\t\t<\/div>\n\t\t\t\t\t<\/div>\n\t\t<\/section>\n\t\t\t\t<section class=\"elementor-section elementor-top-section elementor-element elementor-element-104cf9f elementor-section-height-min-height elementor-section-boxed elementor-section-height-default elementor-section-items-middle\" data-id=\"104cf9f\" data-element_type=\"section\" data-settings=\"{&quot;background_background&quot;:&quot;classic&quot;}\">\n\t\t\t\t\t\t\t<div class=\"elementor-background-overlay\"><\/div>\n\t\t\t\t\t\t\t<div class=\"elementor-container elementor-column-gap-no\">\n\t\t\t\t\t\t\t<div class=\"elementor-row\">\n\t\t\t\t\t<div class=\"elementor-column elementor-col-100 elementor-top-column elementor-element elementor-element-363de0e5\" data-id=\"363de0e5\" data-element_type=\"column\">\n\t\t\t<div class=\"elementor-column-wrap elementor-element-populated\">\n\t\t\t\t\t\t\t<div class=\"elementor-widget-wrap\">\n\t\t\t\t\t\t<div class=\"elementor-element elementor-element-1acdf628 elementor-widget elementor-widget-heading\" data-id=\"1acdf628\" data-element_type=\"widget\" data-widget_type=\"heading.default\">\n\t\t\t\t<div class=\"elementor-widget-container\">\n\t\t\t<h1 class=\"elementor-heading-title elementor-size-large\">YHTEYDENOTTO<\/h1>\t\t<\/div>\n\t\t\t\t<\/div>\n\t\t\t\t<div class=\"elementor-element elementor-element-50c54803 elementor-button-align-stretch elementor-widget elementor-widget-form\" data-id=\"50c54803\" data-element_type=\"widget\" data-settings=\"{&quot;step_next_label&quot;:&quot;Next&quot;,&quot;step_previous_label&quot;:&quot;Previous&quot;,&quot;button_width&quot;:&quot;100&quot;,&quot;step_type&quot;:&quot;number_text&quot;,&quot;step_icon_shape&quot;:&quot;circle&quot;}\" data-widget_type=\"form.default\">\n\t\t\t\t<div class=\"elementor-widget-container\">\n\t\t\t\t\t<form class=\"elementor-form\" method=\"post\" name=\"New Form\" action=\"\">\n\t\t\t<input type=\"hidden\" name=\"post_id\" value=\"3274\"\/>\n\t\t\t<input type=\"hidden\" name=\"form_id\" value=\"50c54803\"\/>\n\t\t\t<input type=\"hidden\" name=\"referer_title\" value=\"\" \/>\n\n\t\t\t\n\t\t\t<div class=\"elementor-form-fields-wrapper elementor-labels-\">\n\t\t\t\t\t\t\t\t<div class=\"elementor-field-type-text elementor-field-group elementor-column elementor-field-group-jdr7jm1 elementor-col-33\">\n\t\t\t\t\t\t\t\t\t\t\t\t<label for=\"form-field-jdr7jm1\" class=\"elementor-field-label elementor-screen-only\">\n\t\t\t\t\t\t\t\tNimi\t\t\t\t\t\t\t<\/label>\n\t\t\t\t\t\t\t\t\t\t\t\t\t\t<input size=\"1\" type=\"text\" name=\"form_fields[jdr7jm1]\" id=\"form-field-jdr7jm1\" class=\"elementor-field elementor-size-sm  elementor-field-textual\" placeholder=\"Nimi\">\n\t\t\t\t\t\t\t\t\t\t\t<\/div>\n\t\t\t\t\t\t\t\t<div class=\"elementor-field-type-email elementor-field-group elementor-column elementor-field-group-3c53yru elementor-col-33 elementor-field-required\">\n\t\t\t\t\t\t\t\t\t\t\t\t<label for=\"form-field-3c53yru\" class=\"elementor-field-label elementor-screen-only\">\n\t\t\t\t\t\t\t\tS\u00e4hk\u00f6posti:\t\t\t\t\t\t\t<\/label>\n\t\t\t\t\t\t\t\t\t\t\t\t\t\t<input size=\"1\" type=\"email\" name=\"form_fields[3c53yru]\" id=\"form-field-3c53yru\" class=\"elementor-field elementor-size-sm  elementor-field-textual\" placeholder=\"S\u00e4hk\u00f6posti:\" required=\"required\" aria-required=\"true\">\n\t\t\t\t\t\t\t\t\t\t\t<\/div>\n\t\t\t\t\t\t\t\t<div class=\"elementor-field-type-number elementor-field-group elementor-column elementor-field-group-kzmkdqm elementor-col-33\">\n\t\t\t\t\t\t\t\t\t\t\t\t<label for=\"form-field-kzmkdqm\" class=\"elementor-field-label elementor-screen-only\">\n\t\t\t\t\t\t\t\tPhone\t\t\t\t\t\t\t<\/label>\n\t\t\t\t\t\t\t\t\t<input type=\"number\" name=\"form_fields[kzmkdqm]\" id=\"form-field-kzmkdqm\" class=\"elementor-field elementor-size-sm  elementor-field-textual\" placeholder=\"Puhelinnumero\" min=\"\" max=\"\" >\n\t\t\t\t\t\t<\/div>\n\t\t\t\t\t\t\t\t<div class=\"elementor-field-type-textarea elementor-field-group elementor-column elementor-field-group-dc2gl8g elementor-col-100 elementor-field-required\">\n\t\t\t\t\t\t\t\t\t\t\t\t<label for=\"form-field-dc2gl8g\" class=\"elementor-field-label elementor-screen-only\">\n\t\t\t\t\t\t\t\tViseti\t\t\t\t\t\t\t<\/label>\n\t\t\t\t\t\t<textarea class=\"elementor-field-textual elementor-field  elementor-size-sm\" name=\"form_fields[dc2gl8g]\" id=\"form-field-dc2gl8g\" rows=\"8\" placeholder=\"Tilaa Hygieniapassi valmennusk\u00e4ytt\u00f6\u00f6n. Saat sen k\u00e4ytt\u00f6\u00f6si valmentajakohtaisilla \u00e4lykoodeilla ja voit aloittaa valmentamisen v\u00e4litt\u00f6m\u00e4sti koodit saatuasi miss\u00e4 tahansa toimitkin.\" required=\"required\" aria-required=\"true\"><\/textarea>\t\t\t\t<\/div>\n\t\t\t\t\t\t\t\t<div class=\"elementor-field-group elementor-column elementor-field-type-submit elementor-col-100 e-form__buttons\">\n\t\t\t\t\t<button type=\"submit\" class=\"elementor-button elementor-size-sm\">\n\t\t\t\t\t\t<span >\n\t\t\t\t\t\t\t\t\t\t\t\t\t\t\t<span class=\"elementor-button-icon\">\n\t\t\t\t\t\t\t\t\t\t\t\t\t\t\t\t\t\t\t\t\t\t\t\t\t\t<\/span>\n\t\t\t\t\t\t\t\t\t\t\t\t\t\t\t\t\t\t\t\t\t\t<span class=\"elementor-button-text\">L\u00e4het\u00e4<\/span>\n\t\t\t\t\t\t\t\t\t\t\t\t\t<\/span>\n\t\t\t\t\t<\/button>\n\t\t\t\t<\/div>\n\t\t\t<\/div>\n\t\t<input type=\"hidden\" name=\"trp-form-language\" value=\"fi\"\/><\/form>\n\t\t\t\t<\/div>\n\t\t\t\t<\/div>\n\t\t\t\t<div class=\"elementor-element elementor-element-1e766091 elementor-widget elementor-widget-spacer\" data-id=\"1e766091\" data-element_type=\"widget\" data-widget_type=\"spacer.default\">\n\t\t\t\t<div class=\"elementor-widget-container\">\n\t\t\t\t\t<div class=\"elementor-spacer\">\n\t\t\t<div class=\"elementor-spacer-inner\"><\/div>\n\t\t<\/div>\n\t\t\t\t<\/div>\n\t\t\t\t<\/div>\n\t\t\t\t\t\t<\/div>\n\t\t\t\t\t<\/div>\n\t\t<\/div>\n\t\t\t\t\t\t\t\t<\/div>\n\t\t\t\t\t<\/div>\n\t\t<\/section>\n\t\t\t\t\t\t<\/div>\n\t\t\t\t\t\t<\/div>\n\t\t\t\t\t<\/div>","protected":false},"excerpt":{"rendered":"<p>\u00c4lykk\u00e4\u00e4t sis\u00e4ll\u00f6t osaamisen kehitt\u00e4miseen. Hygieniapassi Selkosuomeksi Login Sign up Login You are logged in. Log Out Loading Expand All | Collapse All Profile Edit profile Name: Antti Virtanen Username: ryynatu2 Email: setup@digitaleducationservices.fi Earned Media Points: 0 Registered Media Status Certificate IhanaElo\u00ae Ty\u00f6yhteis\u00f6n hyvinvointi-coach -koulutus &#8211; 2022 IHANA007A IhanaElo\u00ae Ty\u00f6yhteis\u00f6n hyvinvointi-coach -koulutus &#8211; 2022 IHANA007A &#8211; &#8230; <a title=\"Hygieniapassi\" class=\"read-more\" href=\"https:\/\/uranet.fi\/fi\/hygieniapassi\/\" aria-label=\"Lis\u00e4\u00e4 Hygieniapassi\">Read more<\/a><\/p>","protected":false},"author":1,"featured_media":0,"parent":0,"menu_order":0,"comment_status":"closed","ping_status":"closed","template":"elementor_canvas","meta":{"_bbp_topic_count":0,"_bbp_reply_count":0,"_bbp_total_topic_count":0,"_bbp_total_reply_count":0,"_bbp_voice_count":0,"_bbp_anonymous_reply_count":0,"_bbp_topic_count_hidden":0,"_bbp_reply_count_hidden":0,"_bbp_forum_subforum_count":0,"generate_page_header":"","footnotes":""},"class_list":["post-3274","page","type-page","status-publish"],"_links":{"self":[{"href":"https:\/\/uranet.fi\/fi\/wp-json\/wp\/v2\/pages\/3274"}],"collection":[{"href":"https:\/\/uranet.fi\/fi\/wp-json\/wp\/v2\/pages"}],"about":[{"href":"https:\/\/uranet.fi\/fi\/wp-json\/wp\/v2\/types\/page"}],"author":[{"embeddable":true,"href":"https:\/\/uranet.fi\/fi\/wp-json\/wp\/v2\/users\/1"}],"replies":[{"embeddable":true,"href":"https:\/\/uranet.fi\/fi\/wp-json\/wp\/v2\/comments?post=3274"}],"version-history":[{"count":21,"href":"https:\/\/uranet.fi\/fi\/wp-json\/wp\/v2\/pages\/3274\/revisions"}],"predecessor-version":[{"id":19460,"href":"https:\/\/uranet.fi\/fi\/wp-json\/wp\/v2\/pages\/3274\/revisions\/19460"}],"wp:attachment":[{"href":"https:\/\/uranet.fi\/fi\/wp-json\/wp\/v2\/media?parent=3274"}],"curies":[{"name":"wp","href":"https:\/\/api.w.org\/{rel}","templated":true}]}}